{"id":57,"date":"2013-09-03T20:14:24","date_gmt":"2013-09-03T20:14:24","guid":{"rendered":"http:\/\/saldirim.com\/yeni\/?page_id=57"},"modified":"2026-01-13T17:18:02","modified_gmt":"2026-01-13T14:18:02","slug":"ozgecmis","status":"publish","type":"page","link":"http:\/\/saldirim.com\/yeni\/?page_id=57","title":{"rendered":"\u00d6zge\u00e7mi\u015f"},"content":{"rendered":"\n<p><strong>Dr. MUSTAFA SALDIRIM<\/strong><\/p>\n\n\n\n<p><strong>Maltepe \u00dcniversitesi Hukuk Fak\u00fcltesi<\/strong><\/p>\n\n\n\n<p><strong>Medeni Usul ve \u0130cra ve \u0130fl\u00e2s Hukuku Anabilim Dal\u0131 Ba\u015fkan\u0131<\/strong><\/p>\n\n\n\n<p><strong>M\u00dcTF\u0130M \u201cYarg\u0131da Yapay Zek\u00e2 Kullan\u0131lmas\u0131 Ara\u015ft\u0131rma Grubu Koordinat\u00f6r\u00fc\u201d<\/strong><\/p>\n\n\n\n<p>Maltepe \u00dcniversitesi Hukuk Fak\u00fcltesi Medeni Usul ve \u0130cra \u0130fl\u00e2s Hukuku Anabilim Dal\u0131 Ba\u015fkan\u0131 olup, lisans d\u00fczeyinde Medeni Usul Hukuku, \u0130cra ve \u0130flas Hukuku derslerinin yan\u0131 s\u0131ra \u201cTakip Hukuku Davalar\u0131\u201d isimli y\u00fcksek lisans dersi vermektedir. &nbsp;(2024-\u2026). Ayr\u0131ca, Maltepe \u00dcniversitesi Teknoloji ve Fikri M\u00fclkiyet Hukuku Uygulama ve Ara\u015ft\u0131rma Merkezi y\u00f6netim kurulu \u00fcyesi olup, Merkez b\u00fcnyesinde kurulan \u201cYarg\u0131da Yapay Zek\u00e2 Kullan\u0131lmas\u0131 Ara\u015ft\u0131rma Grubu Koordinat\u00f6r\u00fc\u201d olarak da g\u00f6rev yapmaktad\u0131r. &nbsp;<\/p>\n\n\n\n<p>S\u0131ras\u0131yla, Cumhuriyet savc\u0131l\u0131\u011f\u0131 (1995-2002), Adalet Bakanl\u0131\u011f\u0131 Ceza ve Tevkifevleri Genel M\u00fcd\u00fcrl\u00fc\u011f\u00fcnde h\u00fck\u00fcml\u00fc e\u011fitiminden sorumlu Tetkik H\u00e2kimli\u011fi (2002-2007), Yarg\u0131tay 19.HD. Tetkik H\u00e2kimli\u011fi (2007-2014) ve Yarg\u0131tay Genel Sekreter Yard\u0131mc\u0131l\u0131\u011f\u0131 (2015-2024) g\u00f6revlerinde bulunmu\u015ftur.<\/p>\n\n\n\n<p>Ankara \u00dcniversitesi Hukuk Fak\u00fcltesi\u2019nde \u201cMedeni Us\u00fbl ve \u0130cra \u0130fl\u00e2s Hukuku Anabilim Dal\u0131nda\u201d y\u00fcksek lisans (1998) ve doktora (2004) yapm\u0131\u015ft\u0131r. Ankara \u00dcniversitesi Hukuk Fak\u00fcltesi Banka ve Ticaret Hukuku Ara\u015ft\u0131rma Enstit\u00fcs\u00fc\u2019nde birer y\u0131ll\u0131k \u201cTahkim\u201d ve \u201cTicaret Hukuku\u201d, Ankara \u00dcniversitesi Avrupa Topluluklar\u0131 Ara\u015ft\u0131rma ve Uygulama Merkezi\u2019nin ise \u201cAvrupa Birli\u011fi ve Uluslararas\u0131 \u0130li\u015fkiler\u201d programlar\u0131n\u0131 tamamlam\u0131\u015ft\u0131r. Singapore Mediation Centre\u2019de(SMC\u2019de) arabuluculuk e\u011fitimi alm\u0131\u015f ve arabuluculuk kurumlar\u0131n\u0131 incelemi\u015f, T\u00fcrkiye\u2019de de \u201cArabuluculuk E\u011fitim Program\u0131\u201dn\u0131 tamamlam\u0131\u015f ve s\u0131navlar\u0131n\u0131 ge\u00e7erek arabulucu olmaya hak kazanm\u0131\u015ft\u0131r. Anayasa Mahkemesine Bireysel Ba\u015fvuru Sisteminin Desteklenmesi Projesi kapsam\u0131nda, 2017 y\u0131l\u0131nda Avrupa Konseyi\u2019nde A\u0130HM kararlar\u0131n\u0131n infaz\u0131 ile ilgili b\u00f6l\u00fcmde (Strazburg\u2019ta) iki ay boyunca ara\u015ft\u0131rmalar y\u00fcr\u00fctm\u00fc\u015ft\u00fcr.<\/p>\n\n\n\n<p>Yarg\u0131tay Yarg\u0131 Eti\u011fi Dan\u0131\u015fma Kurulunda 2018-2024 y\u0131llar\u0131 aras\u0131nda Sekretarya g\u00f6revini yapm\u0131\u015f, Ankara \u00dcniversitesi Hukuk Fak\u00fcltesi, Hacettepe \u00dcniversitesi Hukuk Fak\u00fcltesi, Ba\u015fkent \u00dcniversitesi Hukuk Fak\u00fcltesi ve TOBB-ET\u00dc Hukuk Fak\u00fcltesinde \u201cHukukta Mesleki Deontoloji\u201d, \u201cHukuk Eti\u011fi\u201d ve \u201cHukuk ve Etik\u201d alan\u0131nda dersler vermi\u015ftir. 2018-2024 y\u0131llar\u0131 aras\u0131nda Ankara \u00dcniversitesi Hukuk Fak\u00fcltesinde verdi\u011fi yarg\u0131 eti\u011fi dersleri ile ba\u011flant\u0131l\u0131 olarak hukuk klini\u011fi \u00e7al\u0131\u015fmalar\u0131n\u0131 y\u00fcr\u00fctm\u00fc\u015ft\u00fcr.<\/p>\n\n\n\n<p>Medeni usul hukuku, \u0131\u0307cra ve ifl\u00e2s hukuku, bor\u00e7lar hukuku, h\u00fck\u00fcml\u00fc e\u011fitimi, yarg\u0131 eti\u011fi, yarg\u0131da \u015feffafl\u0131k, yarg\u0131 reformu konular\u0131 ba\u015fta olmak \u00fczere hukukun \u00e7e\u015fitli alanlar\u0131nda 22 kitap ve 33 makale yay\u0131mlam\u0131\u015f\u0327, insan haklar\u0131 ve yarg\u0131 reformu konular\u0131nda 9 kitap \u00e7evirmi\u015f ve 8 kitap ve derginin edit\u00f6rl\u00fc\u011f\u00fcn\u00fc yapm\u0131\u015ft\u0131r.<\/p>\n\n\n\n<p>Yarg\u0131da \u015eeffafl\u0131\u011fa \u0130li\u015fkin \u0130stanbul Bildirgesi, Yarg\u0131tay Yarg\u0131 Eti\u011fi \u0130lkeleri, Yarg\u0131tay Gerek\u00e7eli Karar Yaz\u0131m Rehberi, yapay zek\u00e2 destekli Yarg\u0131tay \u0130\u00e7tihat Merkezi gibi bir dizi yarg\u0131 reformunun ger\u00e7ekle\u015ftirildi\u011fi Birle\u015fmi\u015f Milletler ve Avrupa Birli\u011fi Projelerini Yarg\u0131tay ad\u0131na y\u00fcr\u00fctm\u00fc\u015ft\u00fcr.<\/p>\n\n\n\n<p>H\u00e2len yarg\u0131 eti\u011fi ve hukukta yapay zek\u00e2 kullan\u0131m\u0131 konular\u0131nda yurt d\u0131\u015f\u0131 ve yurt i\u00e7inde toplant\u0131lara kat\u0131lmakta olup, kripto varl\u0131k, bor\u00e7lar hukuku, medeni usul hukuku, icra ve ifl\u00e2s hukuku alanlar\u0131nda kitap ve makale \u00e7al\u0131\u015fmalar\u0131 ile \u00e7e\u015fitli ara\u015ft\u0131rmalar y\u00fcr\u00fctmektedir.<\/p>\n\n\n\n<p>Evli ve iki \u00e7ocuk babas\u0131 olup, \u0130ngilizce bilmektedir.<\/p>\n\n\n\n<p><\/p>\n","protected":false},"excerpt":{"rendered":"<p>Dr. MUSTAFA SALDIRIM Maltepe \u00dcniversitesi Hukuk Fak\u00fcltesi Medeni Usul ve \u0130cra ve \u0130fl\u00e2s Hukuku Anabilim Dal\u0131 Ba\u015fkan\u0131 M\u00dcTF\u0130M \u201cYarg\u0131da Yapay Zek\u00e2 Kullan\u0131lmas\u0131 Ara\u015ft\u0131rma Grubu Koordinat\u00f6r\u00fc\u201d Maltepe \u00dcniversitesi Hukuk Fak\u00fcltesi Medeni Usul ve \u0130cra \u0130fl\u00e2s Hukuku Anabilim Dal\u0131 Ba\u015fkan\u0131 olup, lisans d\u00fczeyinde Medeni Usul Hukuku, \u0130cra ve \u0130flas Hukuku derslerinin yan\u0131 s\u0131ra \u201cTakip Hukuku Davalar\u0131\u201d isimli&#8230;<\/p>\n<p class=\"more-link-wrap\"><a href=\"http:\/\/saldirim.com\/yeni\/?page_id=57\" class=\"more-link\">Devam\u0131n\u0131 Oku<span class=\"screen-reader-text\"> &ldquo;\u00d6zge\u00e7mi\u015f&rdquo;<\/span> &raquo;<\/a><\/p>\n","protected":false},"author":1,"featured_media":0,"parent":0,"menu_order":0,"comment_status":"closed","ping_status":"closed","template":"","meta":{"footnotes":""},"class_list":["post-57","page","type-page","status-publish","hentry"],"_links":{"self":[{"href":"http:\/\/saldirim.com\/yeni\/index.php?rest_route=\/wp\/v2\/pages\/57","targetHints":{"allow":["GET"]}}],"collection":[{"href":"http:\/\/saldirim.com\/yeni\/index.php?rest_route=\/wp\/v2\/pages"}],"about":[{"href":"http:\/\/saldirim.com\/yeni\/index.php?rest_route=\/wp\/v2\/types\/page"}],"author":[{"embeddable":true,"href":"http:\/\/saldirim.com\/yeni\/index.php?rest_route=\/wp\/v2\/users\/1"}],"replies":[{"embeddable":true,"href":"http:\/\/saldirim.com\/yeni\/index.php?rest_route=%2Fwp%2Fv2%2Fcomments&post=57"}],"version-history":[{"count":8,"href":"http:\/\/saldirim.com\/yeni\/index.php?rest_route=\/wp\/v2\/pages\/57\/revisions"}],"predecessor-version":[{"id":817,"href":"http:\/\/saldirim.com\/yeni\/index.php?rest_route=\/wp\/v2\/pages\/57\/revisions\/817"}],"wp:attachment":[{"href":"http:\/\/saldirim.com\/yeni\/index.php?rest_route=%2Fwp%2Fv2%2Fmedia&parent=57"}],"curies":[{"name":"wp","href":"https:\/\/api.w.org\/{rel}","templated":true}]}}