{"id":733,"date":"2026-01-09T10:29:19","date_gmt":"2026-01-09T07:29:19","guid":{"rendered":"https:\/\/saldirim.com\/yeni\/?page_id=733"},"modified":"2026-01-10T10:38:48","modified_gmt":"2026-01-10T07:38:48","slug":"32-uluslararasi-hukuk-ve-din-sempozyumu","status":"publish","type":"page","link":"http:\/\/saldirim.com\/yeni\/","title":{"rendered":"32. Uluslararas\u0131 Hukuk ve Din Sempozyumu ile Utah Y\u00fcksek Mahkemesi Grup \u00c7al\u0131\u015fmas\u0131"},"content":{"rendered":"\n<div class=\"wp-block-media-text alignwide has-media-on-the-right is-stacked-on-mobile is-vertically-aligned-center has-background\" style=\"background-color:#f1f5c7\"><div class=\"wp-block-media-text__content\">\n<div class=\"wp-block-group\" style=\"padding-top:2em;padding-right:2em;padding-bottom:2em;padding-left:2em\"><div class=\"wp-block-group__inner-container is-layout-flow wp-block-group-is-layout-flow\">\n<p style=\"font-size:36px;line-height:1.2\"><strong>32. Uluslararas\u0131 Hukuk ve Din Sempozyumu ile Utah Y\u00fcksek Mahkemesi Grup \u00c7al\u0131\u015fmas\u0131<\/strong><\/p>\n\n\n\n<p>5-7 Ekim 2025 tarihlerinde Brigham Young \u00dcniversitesi taraf\u0131ndan 32\u2019ncisi d\u00fczenlenen<br>Uluslararas\u0131 Hukuk ve Din Sempozyumu\u2019na kat\u0131lmak \u00fczere davet edildi\u011fim Amerika\u2019da,<br>Y\u00fcksek Yarg\u0131\u00e7 David Campbell\u2019in oturum ba\u015fkanl\u0131\u011f\u0131nda Avrupa insan haklar\u0131 sistemi<br>kapsam\u0131nda din ve vicdan \u00f6zg\u00fcrl\u00fc\u011f\u00fc konusunda bir sunum yapt\u0131m.<\/p>\n<\/div><\/div>\n<\/div><figure class=\"wp-block-media-text__media\"><img loading=\"lazy\" decoding=\"async\" width=\"768\" height=\"1024\" src=\"http:\/\/saldirim.com\/yeni\/wp-content\/uploads\/2026\/01\/IMG_2316-768x1024.jpeg\" alt=\"\" class=\"wp-image-773 size-full\" srcset=\"http:\/\/saldirim.com\/yeni\/wp-content\/uploads\/2026\/01\/IMG_2316-768x1024.jpeg 768w, http:\/\/saldirim.com\/yeni\/wp-content\/uploads\/2026\/01\/IMG_2316-225x300.jpeg 225w, http:\/\/saldirim.com\/yeni\/wp-content\/uploads\/2026\/01\/IMG_2316-1152x1536.jpeg 1152w, http:\/\/saldirim.com\/yeni\/wp-content\/uploads\/2026\/01\/IMG_2316-1536x2048.jpeg 1536w, http:\/\/saldirim.com\/yeni\/wp-content\/uploads\/2026\/01\/IMG_2316-scaled.jpeg 1920w\" sizes=\"auto, (max-width: 768px) 100vw, 768px\" \/><\/figure><\/div>\n\n\n\n<div class=\"wp-block-media-text alignwide is-stacked-on-mobile is-vertically-aligned-center has-background\" style=\"background-color:#fffdea\"><figure class=\"wp-block-media-text__media\"><img loading=\"lazy\" decoding=\"async\" width=\"1000\" height=\"666\" src=\"http:\/\/saldirim.com\/yeni\/wp-content\/uploads\/2026\/01\/5SQMB2RSLVEMBHVHTMVDOMH644.jpg\" alt=\"\" class=\"wp-image-734 size-full\" srcset=\"http:\/\/saldirim.com\/yeni\/wp-content\/uploads\/2026\/01\/5SQMB2RSLVEMBHVHTMVDOMH644.jpg 1000w, http:\/\/saldirim.com\/yeni\/wp-content\/uploads\/2026\/01\/5SQMB2RSLVEMBHVHTMVDOMH644-300x200.jpg 300w, http:\/\/saldirim.com\/yeni\/wp-content\/uploads\/2026\/01\/5SQMB2RSLVEMBHVHTMVDOMH644-768x511.jpg 768w\" sizes=\"auto, (max-width: 1000px) 100vw, 1000px\" \/><\/figure><div class=\"wp-block-media-text__content\">\n<div class=\"wp-block-group\" style=\"padding-top:2em;padding-right:2em;padding-bottom:2em;padding-left:2em\"><div class=\"wp-block-group__inner-container is-layout-flow wp-block-group-is-layout-flow\">\n<p class=\"has-extra-small-font-size\"> Ayr\u0131ca, 8-9 Ekim 2025<br>tarihlerinde (Arizona Eyaletinde) Salt Lake\u2019te bulunan Federal Y\u00fcksek Mahkemede farkl\u0131<br>\u00fclkelerden s\u0131n\u0131rl\u0131 say\u0131da y\u00fcksek h\u00e2kim ve h\u00e2kimlerle birlikte yapt\u0131\u011f\u0131m grup \u00e7al\u0131\u015fmas\u0131nda<br>adalet sisteminde yapay zek\u00e2 kullan\u0131m\u0131, yarg\u0131ya ve hukukun \u00fcst\u00fcnl\u00fc\u011f\u00fcne duyulan sayg\u0131n\u0131n<br>azalmas\u0131 e\u011filimine ili\u015fkin sorunlar, yolsuzlukla m\u00fccadele ve yarg\u0131da d\u00fcr\u00fcstl\u00fc\u011f\u00fcn<br>g\u00fc\u00e7lendirilmesi gibi konular\u0131 de\u011ferlendirdik.<\/p>\n<\/div><\/div>\n<\/div><\/div>\n","protected":false},"excerpt":{"rendered":"","protected":false},"author":1,"featured_media":0,"parent":0,"menu_order":0,"comment_status":"closed","ping_status":"closed","template":"","meta":{"footnotes":""},"class_list":["post-733","page","type-page","status-publish","hentry"],"_links":{"self":[{"href":"http:\/\/saldirim.com\/yeni\/index.php?rest_route=\/wp\/v2\/pages\/733","targetHints":{"allow":["GET"]}}],"collection":[{"href":"http:\/\/saldirim.com\/yeni\/index.php?rest_route=\/wp\/v2\/pages"}],"about":[{"href":"http:\/\/saldirim.com\/yeni\/index.php?rest_route=\/wp\/v2\/types\/page"}],"author":[{"embeddable":true,"href":"http:\/\/saldirim.com\/yeni\/index.php?rest_route=\/wp\/v2\/users\/1"}],"replies":[{"embeddable":true,"href":"http:\/\/saldirim.com\/yeni\/index.php?rest_route=%2Fwp%2Fv2%2Fcomments&post=733"}],"version-history":[{"count":9,"href":"http:\/\/saldirim.com\/yeni\/index.php?rest_route=\/wp\/v2\/pages\/733\/revisions"}],"predecessor-version":[{"id":784,"href":"http:\/\/saldirim.com\/yeni\/index.php?rest_route=\/wp\/v2\/pages\/733\/revisions\/784"}],"wp:attachment":[{"href":"http:\/\/saldirim.com\/yeni\/index.php?rest_route=%2Fwp%2Fv2%2Fmedia&parent=733"}],"curies":[{"name":"wp","href":"https:\/\/api.w.org\/{rel}","templated":true}]}}